{"id":866,"date":"2020-03-03T14:47:26","date_gmt":"2020-03-03T14:47:26","guid":{"rendered":"http:\/\/amandioanastacio.de\/?page_id=866"},"modified":"2025-02-05T22:54:41","modified_gmt":"2025-02-05T22:54:41","slug":"kontakt","status":"publish","type":"page","link":"http:\/\/amandioanastacio.de\/de\/kontakt\/","title":{"rendered":"kontakt"},"content":{"rendered":"\t\t<div data-elementor-type=\"wp-post\" data-elementor-id=\"866\" class=\"elementor elementor-866\" data-elementor-post-type=\"page\">\n\t\t\t\t\t\t<section class=\"elementor-section elementor-top-section elementor-element elementor-element-45b4515f elementor-section-boxed elementor-section-height-default elementor-section-height-default\" data-id=\"45b4515f\" data-element_type=\"section\" data-settings=\"{&quot;background_background&quot;:&quot;classic&quot;}\">\n\t\t\t\t\t\t<div class=\"elementor-container elementor-column-gap-default\">\n\t\t\t\t\t<div class=\"elementor-column elementor-col-50 elementor-top-column elementor-element elementor-element-10a30967\" data-id=\"10a30967\" data-element_type=\"column\">\n\t\t\t<div class=\"elementor-widget-wrap elementor-element-populated\">\n\t\t\t\t\t\t<div class=\"elementor-element elementor-element-2d64d807 elementor-widget elementor-widget-heading\" data-id=\"2d64d807\" data-element_type=\"widget\" data-widget_type=\"heading.default\">\n\t\t\t\t<div class=\"elementor-widget-container\">\n\t\t\t\t\t<h2 class=\"elementor-heading-title elementor-size-large\">Wir sollten uns unterhalten <\/h2>\t\t\t\t<\/div>\n\t\t\t\t<\/div>\n\t\t\t\t<div class=\"elementor-element elementor-element-1efc310c elementor-widget elementor-widget-text-editor\" data-id=\"1efc310c\" data-element_type=\"widget\" data-widget_type=\"text-editor.default\">\n\t\t\t\t<div class=\"elementor-widget-container\">\n\t\t\t\t\t\t\t\t\t<p>Interessiert an einer k\u00fcnstlerischen oder kulturellen Zusammenarbeit?<\/p><p>Schreiben Sie mir ein paar Zeilen.<\/p>\t\t\t\t\t\t\t\t<\/div>\n\t\t\t\t<\/div>\n\t\t\t\t\t<\/div>\n\t\t<\/div>\n\t\t\t\t<div class=\"elementor-column elementor-col-50 elementor-top-column elementor-element elementor-element-37eab501\" data-id=\"37eab501\" data-element_type=\"column\" data-settings=\"{&quot;background_background&quot;:&quot;classic&quot;}\">\n\t\t\t<div class=\"elementor-widget-wrap elementor-element-populated\">\n\t\t\t\t\t\t<div class=\"elementor-element elementor-element-32344d79 elementor-button-align-end elementor-mobile-button-align-stretch elementor-widget elementor-widget-form\" data-id=\"32344d79\" data-element_type=\"widget\" data-settings=\"{&quot;step_next_label&quot;:&quot;Next&quot;,&quot;step_previous_label&quot;:&quot;Previous&quot;,&quot;button_width&quot;:&quot;100&quot;,&quot;step_type&quot;:&quot;number_text&quot;,&quot;step_icon_shape&quot;:&quot;circle&quot;}\" data-widget_type=\"form.default\">\n\t\t\t\t<div class=\"elementor-widget-container\">\n\t\t\t\t\t\t\t<form class=\"elementor-form\" method=\"post\" name=\"New Form\">\n\t\t\t<input type=\"hidden\" name=\"post_id\" value=\"866\"\/>\n\t\t\t<input type=\"hidden\" name=\"form_id\" value=\"32344d79\"\/>\n\t\t\t<input type=\"hidden\" name=\"referer_title\" value=\"Am\u00e2ndio Anast\u00e1cio\" \/>\n\n\t\t\t\n\t\t\t<div class=\"elementor-form-fields-wrapper elementor-labels-\">\n\t\t\t\t\t\t\t\t<div class=\"elementor-field-type-text elementor-field-group elementor-column elementor-field-group-name elementor-col-50\">\n\t\t\t\t\t\t\t\t\t\t\t\t<label for=\"form-field-name\" class=\"elementor-field-label elementor-screen-only\">\n\t\t\t\t\t\t\t\tName\t\t\t\t\t\t\t<\/label>\n\t\t\t\t\t\t\t\t\t\t\t\t\t\t<input size=\"1\" type=\"text\" name=\"form_fields[name]\" id=\"form-field-name\" class=\"elementor-field elementor-size-sm  elementor-field-textual\" placeholder=\"Name\">\n\t\t\t\t\t\t\t\t\t\t\t<\/div>\n\t\t\t\t\t\t\t\t<div class=\"elementor-field-type-email elementor-field-group elementor-column elementor-field-group-email elementor-col-50 elementor-field-required\">\n\t\t\t\t\t\t\t\t\t\t\t\t<label for=\"form-field-email\" class=\"elementor-field-label elementor-screen-only\">\n\t\t\t\t\t\t\t\tEmail\t\t\t\t\t\t\t<\/label>\n\t\t\t\t\t\t\t\t\t\t\t\t\t\t<input size=\"1\" type=\"email\" name=\"form_fields[email]\" id=\"form-field-email\" class=\"elementor-field elementor-size-sm  elementor-field-textual\" placeholder=\"Email\" required=\"required\">\n\t\t\t\t\t\t\t\t\t\t\t<\/div>\n\t\t\t\t\t\t\t\t<div class=\"elementor-field-type-text elementor-field-group elementor-column elementor-field-group-field_1 elementor-col-100 elementor-field-required\">\n\t\t\t\t\t\t\t\t\t\t\t\t<label for=\"form-field-field_1\" class=\"elementor-field-label elementor-screen-only\">\n\t\t\t\t\t\t\t\tThema\t\t\t\t\t\t\t<\/label>\n\t\t\t\t\t\t\t\t\t\t\t\t\t\t<input size=\"1\" type=\"text\" name=\"form_fields[field_1]\" id=\"form-field-field_1\" class=\"elementor-field elementor-size-sm  elementor-field-textual\" placeholder=\"Thema\" required=\"required\">\n\t\t\t\t\t\t\t\t\t\t\t<\/div>\n\t\t\t\t\t\t\t\t<div class=\"elementor-field-type-textarea elementor-field-group elementor-column elementor-field-group-message elementor-col-100\">\n\t\t\t\t\t\t\t\t\t\t\t\t<label for=\"form-field-message\" class=\"elementor-field-label elementor-screen-only\">\n\t\t\t\t\t\t\t\tNachricht\t\t\t\t\t\t\t<\/label>\n\t\t\t\t\t\t<textarea class=\"elementor-field-textual elementor-field  elementor-size-sm\" name=\"form_fields[message]\" id=\"form-field-message\" rows=\"4\" placeholder=\"Nachricht\"><\/textarea>\t\t\t\t<\/div>\n\t\t\t\t\t\t\t\t<div class=\"elementor-field-type-recaptcha_v3 elementor-field-group elementor-column elementor-field-group-field_8489e0a elementor-col-100 recaptcha_v3-bottomright\">\n\t\t\t\t\t<div class=\"elementor-field\" id=\"form-field-field_8489e0a\"><div class=\"elementor-g-recaptcha\" data-sitekey=\"6Lfryv8qAAAAAF948gzrISzVVux-8D6LGgOUYWQ_\" data-type=\"v3\" data-action=\"Form\" data-badge=\"bottomright\" data-size=\"invisible\"><\/div><\/div>\t\t\t\t<\/div>\n\t\t\t\t\t\t\t\t<div class=\"elementor-field-type-recaptcha elementor-field-group elementor-column elementor-field-group-field_256245f elementor-col-100\">\n\t\t\t\t\t<div class=\"elementor-field\" id=\"form-field-field_256245f\"><div class=\"elementor-g-recaptcha\" data-sitekey=\"6LeFQ84qAAAAAA70xQC1gBdvcDN5XP1h6qcIJPF2\" data-type=\"v2_checkbox\" data-theme=\"light\" data-size=\"normal\"><\/div><\/div>\t\t\t\t<\/div>\n\t\t\t\t\t\t\t\t<div class=\"elementor-field-group elementor-column elementor-field-type-submit elementor-col-100 e-form__buttons\">\n\t\t\t\t\t<button class=\"elementor-button elementor-size-sm\" type=\"submit\">\n\t\t\t\t\t\t<span class=\"elementor-button-content-wrapper\">\n\t\t\t\t\t\t\t\t\t\t\t\t\t\t\t\t\t\t\t\t\t\t<span class=\"elementor-button-text\">senden<\/span>\n\t\t\t\t\t\t\t\t\t\t\t\t\t<\/span>\n\t\t\t\t\t<\/button>\n\t\t\t\t<\/div>\n\t\t\t<\/div>\n\t\t<\/form>\n\t\t\t\t\t\t<\/div>\n\t\t\t\t<\/div>\n\t\t\t\t\t<\/div>\n\t\t<\/div>\n\t\t\t\t\t<\/div>\n\t\t<\/section>\n\t\t\t\t<section class=\"elementor-section elementor-top-section elementor-element elementor-element-67a2ccc0 elementor-section-full_width elementor-section-height-default elementor-section-height-default\" data-id=\"67a2ccc0\" data-element_type=\"section\">\n\t\t\t\t\t\t<div class=\"elementor-container elementor-column-gap-no\">\n\t\t\t\t\t<div class=\"elementor-column elementor-col-100 elementor-top-column elementor-element elementor-element-742f0169\" data-id=\"742f0169\" data-element_type=\"column\">\n\t\t\t<div class=\"elementor-widget-wrap elementor-element-populated\">\n\t\t\t\t\t\t<div class=\"elementor-element elementor-element-66b1752f elementor-widget elementor-widget-google_maps\" data-id=\"66b1752f\" data-element_type=\"widget\" data-widget_type=\"google_maps.default\">\n\t\t\t\t<div class=\"elementor-widget-container\">\n\t\t\t\t\t\t\t<div class=\"elementor-custom-embed\">\n\t\t\t<iframe loading=\"lazy\"\n\t\t\t\t\tsrc=\"https:\/\/maps.google.com\/maps?q=Dormagen&#038;t=m&#038;z=12&#038;output=embed&#038;iwloc=near\"\n\t\t\t\t\ttitle=\"Dormagen\"\n\t\t\t\t\taria-label=\"Dormagen\"\n\t\t\t><\/iframe>\n\t\t<\/div>\n\t\t\t\t\t\t<\/div>\n\t\t\t\t<\/div>\n\t\t\t\t\t<\/div>\n\t\t<\/div>\n\t\t\t\t\t<\/div>\n\t\t<\/section>\n\t\t\t\t<\/div>\n\t\t","protected":false},"excerpt":{"rendered":"<p>Wir sollten uns unterhalten Interessiert an einer k\u00fcnstlerischen oder kulturellen Zusammenarbeit? Schreiben Sie mir ein paar Zeilen.<\/p>\n","protected":false},"author":1,"featured_media":0,"parent":0,"menu_order":0,"comment_status":"closed","ping_status":"closed","template":"elementor_header_footer","meta":{"footnotes":""},"class_list":["post-866","page","type-page","status-publish","hentry"],"yoast_head":"<!-- This site is optimized with the Yoast SEO plugin v24.7 - https:\/\/yoast.com\/wordpress\/plugins\/seo\/ -->\n<title>kontakt - Am\u00e2ndio Anast\u00e1cio<\/title>\n<meta name=\"robots\" content=\"index, follow, max-snippet:-1, max-image-preview:large, max-video-preview:-1\" \/>\n<link rel=\"canonical\" href=\"http:\/\/amandioanastacio.de\/de\/kontakt\/\" \/>\n<meta property=\"og:locale\" content=\"de_DE\" \/>\n<meta property=\"og:type\" content=\"article\" \/>\n<meta property=\"og:title\" content=\"kontakt - Am\u00e2ndio Anast\u00e1cio\" \/>\n<meta property=\"og:description\" content=\"Wir sollten uns unterhalten Interessiert an einer k\u00fcnstlerischen oder kulturellen Zusammenarbeit? Schreiben Sie mir ein paar Zeilen.\" \/>\n<meta property=\"og:url\" content=\"http:\/\/amandioanastacio.de\/de\/kontakt\/\" \/>\n<meta property=\"og:site_name\" content=\"Am\u00e2ndio Anast\u00e1cio\" \/>\n<meta property=\"article:modified_time\" content=\"2025-02-05T22:54:41+00:00\" \/>\n<meta property=\"og:image\" content=\"http:\/\/amandioanastacio.de\/wp-content\/uploads\/2018\/12\/amandio-anastacio-c\u00f3pia-e1548323019333.png\" \/>\n\t<meta property=\"og:image:width\" content=\"768\" \/>\n\t<meta property=\"og:image:height\" content=\"692\" \/>\n\t<meta property=\"og:image:type\" content=\"image\/png\" \/>\n<meta name=\"twitter:card\" content=\"summary_large_image\" \/>\n<meta name=\"twitter:label1\" content=\"Gesch\u00e4tzte Lesezeit\" \/>\n\t<meta name=\"twitter:data1\" content=\"1\u00a0Minute\" \/>\n<script type=\"application\/ld+json\" class=\"yoast-schema-graph\">{\"@context\":\"https:\/\/schema.org\",\"@graph\":[{\"@type\":\"WebPage\",\"@id\":\"http:\/\/amandioanastacio.de\/de\/kontakt\/\",\"url\":\"http:\/\/amandioanastacio.de\/de\/kontakt\/\",\"name\":\"kontakt - Am\u00e2ndio Anast\u00e1cio\",\"isPartOf\":{\"@id\":\"http:\/\/amandioanastacio.de\/#website\"},\"datePublished\":\"2020-03-03T14:47:26+00:00\",\"dateModified\":\"2025-02-05T22:54:41+00:00\",\"breadcrumb\":{\"@id\":\"http:\/\/amandioanastacio.de\/de\/kontakt\/#breadcrumb\"},\"inLanguage\":\"de\",\"potentialAction\":[{\"@type\":\"ReadAction\",\"target\":[\"http:\/\/amandioanastacio.de\/de\/kontakt\/\"]}]},{\"@type\":\"BreadcrumbList\",\"@id\":\"http:\/\/amandioanastacio.de\/de\/kontakt\/#breadcrumb\",\"itemListElement\":[{\"@type\":\"ListItem\",\"position\":1,\"name\":\"Home\",\"item\":\"http:\/\/amandioanastacio.de\/de\/\"},{\"@type\":\"ListItem\",\"position\":2,\"name\":\"kontakt\"}]},{\"@type\":\"WebSite\",\"@id\":\"http:\/\/amandioanastacio.de\/#website\",\"url\":\"http:\/\/amandioanastacio.de\/\",\"name\":\"Am\u00e2ndio Anast\u00e1cio\",\"description\":\"Theatre Author and Scenographer\",\"publisher\":{\"@id\":\"http:\/\/amandioanastacio.de\/#organization\"},\"potentialAction\":[{\"@type\":\"SearchAction\",\"target\":{\"@type\":\"EntryPoint\",\"urlTemplate\":\"http:\/\/amandioanastacio.de\/?s={search_term_string}\"},\"query-input\":{\"@type\":\"PropertyValueSpecification\",\"valueRequired\":true,\"valueName\":\"search_term_string\"}}],\"inLanguage\":\"de\"},{\"@type\":\"Organization\",\"@id\":\"http:\/\/amandioanastacio.de\/#organization\",\"name\":\"Am\u00e2ndio Anast\u00e1cio\",\"url\":\"http:\/\/amandioanastacio.de\/\",\"logo\":{\"@type\":\"ImageObject\",\"inLanguage\":\"de\",\"@id\":\"http:\/\/amandioanastacio.de\/#\/schema\/logo\/image\/\",\"url\":\"http:\/\/amandioanastacio.de\/wp-content\/uploads\/2018\/11\/amandio-logo.png\",\"contentUrl\":\"http:\/\/amandioanastacio.de\/wp-content\/uploads\/2018\/11\/amandio-logo.png\",\"width\":350,\"height\":70,\"caption\":\"Am\u00e2ndio Anast\u00e1cio\"},\"image\":{\"@id\":\"http:\/\/amandioanastacio.de\/#\/schema\/logo\/image\/\"}}]}<\/script>\n<!-- \/ Yoast SEO plugin. -->","yoast_head_json":{"title":"kontakt - Am\u00e2ndio Anast\u00e1cio","robots":{"index":"index","follow":"follow","max-snippet":"max-snippet:-1","max-image-preview":"max-image-preview:large","max-video-preview":"max-video-preview:-1"},"canonical":"http:\/\/amandioanastacio.de\/de\/kontakt\/","og_locale":"de_DE","og_type":"article","og_title":"kontakt - Am\u00e2ndio Anast\u00e1cio","og_description":"Wir sollten uns unterhalten Interessiert an einer k\u00fcnstlerischen oder kulturellen Zusammenarbeit? Schreiben Sie mir ein paar Zeilen.","og_url":"http:\/\/amandioanastacio.de\/de\/kontakt\/","og_site_name":"Am\u00e2ndio Anast\u00e1cio","article_modified_time":"2025-02-05T22:54:41+00:00","og_image":[{"width":768,"height":692,"url":"http:\/\/amandioanastacio.de\/wp-content\/uploads\/2018\/12\/amandio-anastacio-c\u00f3pia-e1548323019333.png","type":"image\/png"}],"twitter_card":"summary_large_image","twitter_misc":{"Gesch\u00e4tzte Lesezeit":"1\u00a0Minute"},"schema":{"@context":"https:\/\/schema.org","@graph":[{"@type":"WebPage","@id":"http:\/\/amandioanastacio.de\/de\/kontakt\/","url":"http:\/\/amandioanastacio.de\/de\/kontakt\/","name":"kontakt - Am\u00e2ndio Anast\u00e1cio","isPartOf":{"@id":"http:\/\/amandioanastacio.de\/#website"},"datePublished":"2020-03-03T14:47:26+00:00","dateModified":"2025-02-05T22:54:41+00:00","breadcrumb":{"@id":"http:\/\/amandioanastacio.de\/de\/kontakt\/#breadcrumb"},"inLanguage":"de","potentialAction":[{"@type":"ReadAction","target":["http:\/\/amandioanastacio.de\/de\/kontakt\/"]}]},{"@type":"BreadcrumbList","@id":"http:\/\/amandioanastacio.de\/de\/kontakt\/#breadcrumb","itemListElement":[{"@type":"ListItem","position":1,"name":"Home","item":"http:\/\/amandioanastacio.de\/de\/"},{"@type":"ListItem","position":2,"name":"kontakt"}]},{"@type":"WebSite","@id":"http:\/\/amandioanastacio.de\/#website","url":"http:\/\/amandioanastacio.de\/","name":"Am\u00e2ndio Anast\u00e1cio","description":"Theatre Author and Scenographer","publisher":{"@id":"http:\/\/amandioanastacio.de\/#organization"},"potentialAction":[{"@type":"SearchAction","target":{"@type":"EntryPoint","urlTemplate":"http:\/\/amandioanastacio.de\/?s={search_term_string}"},"query-input":{"@type":"PropertyValueSpecification","valueRequired":true,"valueName":"search_term_string"}}],"inLanguage":"de"},{"@type":"Organization","@id":"http:\/\/amandioanastacio.de\/#organization","name":"Am\u00e2ndio Anast\u00e1cio","url":"http:\/\/amandioanastacio.de\/","logo":{"@type":"ImageObject","inLanguage":"de","@id":"http:\/\/amandioanastacio.de\/#\/schema\/logo\/image\/","url":"http:\/\/amandioanastacio.de\/wp-content\/uploads\/2018\/11\/amandio-logo.png","contentUrl":"http:\/\/amandioanastacio.de\/wp-content\/uploads\/2018\/11\/amandio-logo.png","width":350,"height":70,"caption":"Am\u00e2ndio Anast\u00e1cio"},"image":{"@id":"http:\/\/amandioanastacio.de\/#\/schema\/logo\/image\/"}}]}},"_links":{"self":[{"href":"http:\/\/amandioanastacio.de\/de\/wp-json\/wp\/v2\/pages\/866","targetHints":{"allow":["GET"]}}],"collection":[{"href":"http:\/\/amandioanastacio.de\/de\/wp-json\/wp\/v2\/pages"}],"about":[{"href":"http:\/\/amandioanastacio.de\/de\/wp-json\/wp\/v2\/types\/page"}],"author":[{"embeddable":true,"href":"http:\/\/amandioanastacio.de\/de\/wp-json\/wp\/v2\/users\/1"}],"replies":[{"embeddable":true,"href":"http:\/\/amandioanastacio.de\/de\/wp-json\/wp\/v2\/comments?post=866"}],"version-history":[{"count":10,"href":"http:\/\/amandioanastacio.de\/de\/wp-json\/wp\/v2\/pages\/866\/revisions"}],"predecessor-version":[{"id":1237,"href":"http:\/\/amandioanastacio.de\/de\/wp-json\/wp\/v2\/pages\/866\/revisions\/1237"}],"wp:attachment":[{"href":"http:\/\/amandioanastacio.de\/de\/wp-json\/wp\/v2\/media?parent=866"}],"curies":[{"name":"wp","href":"https:\/\/api.w.org\/{rel}","templated":true}]}}